{"id":32,"date":"2018-11-27T09:17:08","date_gmt":"2018-11-27T08:17:08","guid":{"rendered":"http:\/\/blanchisserie.boulonnaise.fr\/index.php\/about\/"},"modified":"2021-04-16T09:22:50","modified_gmt":"2021-04-16T07:22:50","slug":"qui-sommes-nous","status":"publish","type":"page","link":"https:\/\/blanchisserie.boulonnaise.fr\/index.php\/qui-sommes-nous\/","title":{"rendered":"Qui sommes-nous ?"},"content":{"rendered":"\n<h2>\n\t<\/h2>\n\t<h1>\n\t\t\t\t\tQui sommes-nous ?\n\t\t\t\t<\/h1>\n\t<h2>\n\t\t\t\t\tUne entreprise familiale\n\t\t\t\t<\/h2>\n\t\t\t<p>En 2021, Pascale Boursault, une entrepreneuse locale dans le domaine de l&rsquo;immobilier et du web d\u00e9cide de reprendre la blanchisserie boulonnaise dans le but d&rsquo;y cr\u00e9er un service de <a href=\"http:\/\/conciergerie.boulonnaise.fr\/\">conciergerie<\/a> in\u00e9dit dans le boulonnais. En plus des services de laverie et de pressing classiques dans une blanchisserie, nous vous proposons des prestations sur mesure pour vos locations saisonni\u00e8res.<\/p>\n\n<p>\u00a0<\/p>\n\t\t\t\t<img decoding=\"async\" src=\"http:\/\/blanchisserie.boulonnaise.fr\/wp-content\/uploads\/2021\/04\/cathe\u0301drale.jpg\" alt=\"cathe\u0301drale\" itemprop=\"image\"\/>\n\t<h4>\n\t\t\t\t\tExp\u00e9rience dans la location saisonni\u00e8re\n\t\t\t\t<\/h4>\n\t\t\t<p>Poss\u00e9dant 4 logements lou\u00e9s en meubl\u00e9 saisonniers, notre soci\u00e9t\u00e9 vous apporte une expertise et des outils indispensables au succ\u00e8s de votre projet immobilier.<\/p>\n<p>De plus, gr\u00e2ce \u00e0 notre blanchisserie, nous vous proposons un service complet de location de linge \u00e0 prix imbattable. Un gain de temps et d&rsquo;argent non n\u00e9gligeable.<\/p>\n\t<h4>\n\t\t\t\t\tNotre plateforme de r\u00e9servation en ligne\n\t\t\t\t<\/h4>\n\t\t\t<p><a href=\"http:\/\/conciergerie.boulonnaise.fr\/\">La conciergerie boulonnaise<\/a> vous propose de profiter de l&rsquo;expertise de ses trois d\u00e9veloppeurs web et d&rsquo;inscrire votre logement sur une plateforme de location implant\u00e9e \u00e0 Boulogne sur mer \u00e0 un prix d\u00e9fiant toute concurrence.<\/p>\n<p>Les avantages :<\/p>\n\t<ul>\n\t\t<li>\t\t\t\t\n\t\t<h5>Un r\u00e9f\u00e9rencement cibl\u00e9 pour une visibilit\u00e9 accrue<\/h5><\/li><li>\t\t\t\t\n\t\t<h5>Une pr\u00e9sentation de votre logement gr\u00e2ce \u00e0 la visite 3D<\/h5><\/li><li>\t\t\t\t\n\t\t<h5>La possibilit\u00e9 de cr\u00e9er votre propre page web<\/h5><\/li>\t<\/ul>\n\n","protected":false},"excerpt":{"rendered":"<p>Qui sommes-nous ? Une entreprise familiale En 2021, Pascale Boursault, une entrepreneuse locale dans le domaine de l&rsquo;immobilier et du web d\u00e9cide de reprendre la blanchisserie boulonnaise dans le but d&rsquo;y cr\u00e9er un service de conciergerie in\u00e9dit dans le boulonnais. En plus des services de laverie et de pressing classiques dans une blanchisserie, nous vous [&hellip;]<\/p>\n","protected":false},"author":1,"featured_media":0,"parent":0,"menu_order":0,"comment_status":"closed","ping_status":"closed","template":"","meta":{"_acf_changed":false,"site-sidebar-layout":"no-sidebar","site-content-layout":"page-builder","ast-site-content-layout":"default","site-content-style":"default","site-sidebar-style":"default","ast-global-header-display":"","ast-banner-title-visibility":"","ast-main-header-display":"","ast-hfb-above-header-display":"","ast-hfb-below-header-display":"","ast-hfb-mobile-header-display":"","site-post-title":"disabled","ast-breadcrumbs-content":"","ast-featured-img":"disabled","footer-sml-layout":"","ast-disable-related-posts":"","theme-transparent-header-meta":"enabled","adv-header-id-meta":"","stick-header-meta":"","header-above-stick-meta":"","header-main-stick-meta":"","header-below-stick-meta":"","astra-migrate-meta-layouts":"default","ast-page-background-enabled":"default","ast-page-background-meta":{"desktop":{"background-color":"var(--ast-global-color-4)","background-image":"","background-repeat":"repeat","background-position":"center center","background-size":"auto","background-attachment":"scroll","background-type":"","background-media":"","overlay-type":"","overlay-color":"","overlay-opacity":"","overlay-gradient":""},"tablet":{"background-color":"","background-image":"","background-repeat":"repeat","background-position":"center center","background-size":"auto","background-attachment":"scroll","background-type":"","background-media":"","overlay-type":"","overlay-color":"","overlay-opacity":"","overlay-gradient":""},"mobile":{"background-color":"","background-image":"","background-repeat":"repeat","background-position":"center center","background-size":"auto","background-attachment":"scroll","background-type":"","background-media":"","overlay-type":"","overlay-color":"","overlay-opacity":"","overlay-gradient":""}},"ast-content-background-meta":{"desktop":{"background-color":"var(--ast-global-color-5)","background-image":"","background-repeat":"repeat","background-position":"center center","background-size":"auto","background-attachment":"scroll","background-type":"","background-media":"","overlay-type":"","overlay-color":"","overlay-opacity":"","overlay-gradient":""},"tablet":{"background-color":"var(--ast-global-color-5)","background-image":"","background-repeat":"repeat","background-position":"center center","background-size":"auto","background-attachment":"scroll","background-type":"","background-media":"","overlay-type":"","overlay-color":"","overlay-opacity":"","overlay-gradient":""},"mobile":{"background-color":"var(--ast-global-color-5)","background-image":"","background-repeat":"repeat","background-position":"center center","background-size":"auto","background-attachment":"scroll","background-type":"","background-media":"","overlay-type":"","overlay-color":"","overlay-opacity":"","overlay-gradient":""}},"footnotes":""},"class_list":["post-32","page","type-page","status-publish","hentry"],"acf":[],"_links":{"self":[{"href":"https:\/\/blanchisserie.boulonnaise.fr\/index.php\/wp-json\/wp\/v2\/pages\/32","targetHints":{"allow":["GET"]}}],"collection":[{"href":"https:\/\/blanchisserie.boulonnaise.fr\/index.php\/wp-json\/wp\/v2\/pages"}],"about":[{"href":"https:\/\/blanchisserie.boulonnaise.fr\/index.php\/wp-json\/wp\/v2\/types\/page"}],"author":[{"embeddable":true,"href":"https:\/\/blanchisserie.boulonnaise.fr\/index.php\/wp-json\/wp\/v2\/users\/1"}],"replies":[{"embeddable":true,"href":"https:\/\/blanchisserie.boulonnaise.fr\/index.php\/wp-json\/wp\/v2\/comments?post=32"}],"version-history":[{"count":7,"href":"https:\/\/blanchisserie.boulonnaise.fr\/index.php\/wp-json\/wp\/v2\/pages\/32\/revisions"}],"predecessor-version":[{"id":618,"href":"https:\/\/blanchisserie.boulonnaise.fr\/index.php\/wp-json\/wp\/v2\/pages\/32\/revisions\/618"}],"wp:attachment":[{"href":"https:\/\/blanchisserie.boulonnaise.fr\/index.php\/wp-json\/wp\/v2\/media?parent=32"}],"curies":[{"name":"wp","href":"https:\/\/api.w.org\/{rel}","templated":true}]}}