{"id":33,"date":"2018-11-27T09:17:28","date_gmt":"2018-11-27T08:17:28","guid":{"rendered":"http:\/\/blanchisserie.boulonnaise.fr\/index.php\/services\/"},"modified":"2025-02-04T11:30:29","modified_gmt":"2025-02-04T10:30:29","slug":"nos-tarifs","status":"publish","type":"page","link":"https:\/\/blanchisserie.boulonnaise.fr\/index.php\/nos-tarifs\/","title":{"rendered":"Nos tarifs"},"content":{"rendered":"\n\n\t<h1>\n\t\t\t\t\tServices et tarifs\n\t\t\t\t<\/h1>\n\t<h2>\n\t\t\t\t\tNos tarifs pour particuliers\n\t\t\t\t<\/h2>\n\t\t\t<h4><strong>Services de blanchisserie, repassage, location de linge et laverie \u00e0 Boulogne sur mer.<\/strong><\/h4>\n<h2><strong>Tarifs professionnels sur demande au <\/strong><\/h2>\n<h2><strong>06 81 46 43 04 ou par mail \u00e0 :<\/strong><\/h2>\n<h2><strong>blanchisserie.boulonnaise@gmail.com<\/strong><\/h2>\n\t\t\t\t<img loading=\"lazy\" decoding=\"async\" src=\"https:\/\/blanchisserie.boulonnaise.fr\/wp-content\/uploads\/2021\/04\/pexels-burst-545012-scaled.jpg\" alt=\"conciergerie boulonnaise\" itemprop=\"image\" height=\"1706\" width=\"2560\" title=\"conciergerie boulonnaise\" onerror=\"this.style.display='none'\"  \/>\n\t<h2>Linge de lit<\/h2>\n\t<section>\n\t<table border=\"1\">\n\t\t<tr>\n\t\t\t<th>Articles<\/th>\n\t\t\t<th>Tarifs en \u20ac<\/th>\n\t\t<\/tr>\n\t\t<tr>\n\t\t\t<th>Al\u00e8se 1 ou 2 personnes<\/th>\n\t\t\t<th>5,50<\/th>\n\t\t<\/tr>\n\t\t<tr>\n\t\t\t<th>Al\u00e8se plastifi\u00e9e 1 ou 2 personnes<\/th>\n\t\t\t<th>6,60<\/th>\n\t\t<\/tr>\n\t\t<tr>\n\t\t\t<th>Couette plume\/ Duvet 1 personne<\/th>\n\t\t\t<th>25<\/th>\n\t\t<\/tr>\n\t\t<tr>\n\t\t\t<th>Couette plume\/ Duvet 2 personnes<\/th>\n\t\t\t<th>30<\/th>\n\t\t<\/tr>\n\t\t<tr>\n\t\t\t<th>Couette synth\u00e9tique 1 personne<\/th>\n\t\t\t<th>12<\/th>\n\t\t<\/tr>\n\t\t<tr>\n\t\t\t<th>Couette synth\u00e9tique 2 personnes<\/th>\n\t\t\t<th>18<\/th>\n\t\t<\/tr>\n\t\t<tr>\n\t\t\t<th>Couverture 1 personne<\/th>\n\t\t\t<th>8,60<\/th>\n\t\t<\/tr>\n\t\t<tr>\n\t\t\t<th>Couverture 2 personnes<\/th>\n\t\t\t<th>9,50<\/th>\n\t\t<\/tr>\n\t\t<tr>\n\t\t\t<th>Couverture synth\u00e9tique 1 personne<\/th>\n\t\t\t<th>8,60<\/th>\n\t\t<\/tr>\n\t\t<tr>\n\t\t\t<th>Couverture synth\u00e9tique 2 personnes<\/th>\n\t\t\t<th>9,50<\/th>\n\t\t<\/tr>\n\t\t<tr>\n\t\t\t<th>Couverture piqu\u00e9e<\/th>\n\t\t\t<th>26,50<\/th>\n\t\t<\/tr>\n\t\t<tr>\n\t\t\t<th>Couverture pure laine<\/th>\n\t\t\t<th>15<\/th>\n\t\t<\/tr>\n\t\t<tr>\n\t\t\t<th>Couverture de cheval<\/th>\n\t\t\t<th>29<\/th>\n\t\t<\/tr>\n\t\t<tr>\n\t\t\t<th>Couvre-lit<\/th>\n\t\t\t<th>14<\/th>\n\t\t<\/tr>\n\t\t<tr>\n\t\t\t<th>Drap<\/th>\n\t\t\t<th>3,90<\/th>\n\t\t<\/tr>\n\t\t<tr>\n\t\t\t<th>Drap housse<\/th>\n\t\t\t<th>4,50<\/th>\n\t\t<\/tr>\n\t\t<tr>\n\t\t\t<th>Housse de couette 1 personne<\/th>\n\t\t\t<th>6,50<\/th>\n\t\t<\/tr>\n\t\t<tr>\n\t\t\t<th>Housse de couette 2 personnes<\/th>\n\t\t\t<th>8,50<\/th>\n\t\t<\/tr>\n\t\t<tr>\n\t\t\t<th>Housse de couette fantaisie (n\u00e9cessitant une finition de repassage)<\/th>\n\t\t\t<th>9<\/th>\n\t\t<\/tr>\n\t\t<tr>\n\t\t\t<th>Housse de matelas plastifi\u00e9<\/th>\n\t\t\t<th>24,90<\/th>\n\t\t<\/tr>\n\t\t<tr>\n\t\t\t<th>Housse de matelas simple<\/th>\n\t\t\t<th>12,90<\/th>\n\t\t<\/tr>\n\t\t<tr>\n\t\t\t<th>Housse grand coussin + de 50 cm<\/th>\n\t\t\t<th>8<\/th>\n\t\t<\/tr>\n\t\t<tr>\n\t\t\t<th>Housse petit coussin &#8211; de 50 cm<\/th>\n\t\t\t<th>6,00<\/th>\n\t\t<\/tr>\n\t\t<tr>\n\t\t\t<th>Oreiller ou traversin<\/th>\n\t\t\t<th>9,90<\/th>\n\t\t<\/tr>\n\t\t<tr>\n\t\t\t<th>Oreiller plume<\/th>\n\t\t\t<th>19,90<\/th>\n\t\t<\/tr>\n\t\t<tr>\n\t\t\t<th>Plaid en laine<\/th>\n\t\t\t<th>11,90<\/th>\n\t\t<\/tr>\n\t\t<tr>\n\t\t\t<th>Plaid synth\u00e9tique<\/th>\n\t\t\t<th>7,90<\/th>\n\t\t<\/tr>\n\t\t<tr>\n\t\t\t<th>Prot\u00e8ge sommier<\/th>\n\t\t\t<th>11,90<\/th>\n\t\t<\/tr>\n\t\t<tr>\n\t\t\t<th>Sac de couchage plume<\/th>\n\t\t\t<th>30<\/th>\n\t\t<\/tr>\n\t\t<tr>\n\t\t\t<th>Sac de couchage synth\u00e9tique<\/th>\n\t\t\t<th>19,90<\/th>\n\t\t<\/tr>\n\t\t<tr>\n\t\t\t<th>Taie d&rsquo;oreiller ou de traversin<\/th>\n\t\t\t<th>1,20<\/th>\n\t\t<\/tr>\n\t<\/table>\n<\/section>\n\t\t\t\t<img loading=\"lazy\" decoding=\"async\" src=\"https:\/\/blanchisserie.boulonnaise.fr\/wp-content\/uploads\/2021\/04\/baniere.png\" alt=\"tissus\" itemprop=\"image\" height=\"1024\" width=\"1024\" title=\"tissus\" onerror=\"this.style.display='none'\"  \/>\n\t<h2>V\u00eatements<\/h2>\n\t<section>\n\t<table border=\"1\">\n\t\t<tr>\n\t\t\t<th>Articles<\/th>\n\t\t\t<th>Tarifs en \u20ac<\/th>\n\t\t<\/tr>\n\t\t<tr>\n\t\t\t<th>3\/4 fourr\u00e9 en plume<\/th>\n\t\t\t<th>15<\/th>\n\t\t<\/tr>\n\t\t<tr>\n\t\t\t<th>3\/4 classique<\/th>\n\t\t\t<th>12,05<\/th>\n\t\t<\/tr>\n\t\t<tr>\n\t\t\t<th>3\/4 fourrure synth\u00e9tique<\/th>\n\t\t\t<th>29 <\/th>\n\t\t<\/tr>\n\t\t<tr>\n\t\t\t<th>3\/4 ouatin\u00e9<\/th>\n\t\t\t<th>10,40<\/th>\n\t\t<\/tr>\n\t\t<tr>\n\t\t\t<th>Anorak Synth\u00e9tique<\/th>\n\t\t\t<th>11,80<\/th>\n\t\t<\/tr>\n\t\t<tr>\n\t\t\t<th>Anorak plume, fourr\u00e9, molleton<\/th>\n\t\t\t<th>19<\/th>\n\t\t<\/tr>\n\t\t<tr>\n\t\t\t<th>Aube de communion<\/th>\n\t\t\t<th>35<\/th>\n\t\t<\/tr>\n\t\t<tr>\n\t\t\t<th>Baskets<\/th>\n\t\t\t<th>8<\/th>\n\t\t<\/tr>\n\t\t<tr>\n\t\t\t<th>Bermuda<\/th>\n\t\t\t<th>5,70<\/th>\n\t\t<\/tr>\n\t\t<tr>\n\t\t\t<th>Blouse<\/th>\n\t\t\t<th>4<\/th>\n\t\t<\/tr>\n\t\t<tr>\n\t\t\t<th>Blouson classique<\/th>\n\t\t\t<th>8<\/th>\n\t\t<\/tr>\n\t\t<tr>\n\t\t\t<th>Blouson fourr\u00e9 plume<\/th>\n\t\t\t<th>15,80<\/th>\n\t\t<\/tr>\n\t\t<tr>\n\t\t\t<th>Blouson ouatin\u00e9<\/th>\n\t\t\t<th>12<\/th>\n\t\t<\/tr>\n\t\t<tr>\n\t\t\t<th>Blouson fantaisie<\/th>\n\t\t\t<th>12,95<\/th>\n\t\t<\/tr>\n\t\t<tr>\n\t\t\t<th>Blouson de ski<\/th>\n\t\t\t<th>12,90<\/th>\n\t\t<\/tr>\n\t\t<tr>\n\t\t\t<th>Bonnet laine<\/th>\n\t\t\t<th>3,95<\/th>\n\t\t<\/tr>\n\t\t<tr>\n\t\t\t<th>Bustier<\/th>\n\t\t\t<th>5,50<\/th>\n\t\t<\/tr>\n\t\t<tr>\n\t\t\t<th>Caban fourr\u00e9 en plume<\/th>\n\t\t\t<th>18,20<\/th>\n\t\t<\/tr>\n\t\t<tr>\n\t\t\t<th>Caban classique<\/th>\n\t\t\t<th>9,80<\/th>\n\t\t<\/tr>\n\t\t<tr>\n\t\t\t<th>Caban fantaisie<\/th>\n\t\t\t<th>10,20<\/th>\n\t\t<\/tr>\n\t\t<tr>\n\t\t\t<th>Caban fourrure synth\u00e9tique<\/th>\n\t\t\t<th>24,90<\/th>\n\t\t<\/tr>\n\t\t<tr>\n\t\t\t<th>Caban ouatin\u00e9<\/th>\n\t\t\t<th>11,90<\/th>\n\t\t<\/tr>\n\t\t<tr>\n\t\t\t<th>Casquette, chapeau<\/th>\n\t\t\t<th>9,90<\/th>\n\t\t<\/tr>\n\t\t<tr>\n\t\t\t<th>Chemise de nuit<\/th>\n\t\t\t<th>4<\/th>\n\t\t<\/tr>\n\t\t<tr>\n\t\t\t<th>Chemise, chemisier sur cintre<\/th>\n\t\t\t<th>4,50<\/th>\n\t\t<\/tr>\n\t\t<tr>\n\t\t\t<th>Chemise, chemisette, chemisier pli\u00e9s<\/th>\n\t\t\t<th>5<\/th>\n\t\t<\/tr>\n\t\t<tr>\n\t\t\t<th>Chemise en soie, ou en lin pli\u00e9e ou sur cintre<\/th>\n\t\t\t<th>7,50<\/th>\n\t\t<\/tr>\n\t\t<tr>\n\t\t\t<th>Chemisier fantaisie<\/th>\n\t\t\t<th>5,40<\/th>\n\t\t<\/tr>\n\t\t<tr>\n\t\t\t<th>Combinaison de travail<\/th>\n\t\t\t<th>4,50<\/th>\n\t\t<\/tr>\n\t\t<tr>\n\t\t\t<th>Combinaison tissu longue<\/th>\n\t\t\t<th>8,75<\/th>\n\t\t<\/tr>\n\t\t<tr>\n\t\t\t<th>Combinaison tissu short<\/th>\n\t\t\t<th>7,75<\/th>\n\t\t<\/tr>\n\t\t<tr>\n\t\t\t<th>Combinaison de ski<\/th>\n\t\t\t<th>12<\/th>\n\t\t<\/tr>\n\t\t<tr>\n\t\t\t<th>Cravate<\/th>\n\t\t\t<th>7,5<\/th>\n\t\t<\/tr>\n\t\t<tr>\n\t\t\t<th>Djelaba classique<\/th>\n\t\t\t<th>11,40<\/th>\n\t\t<\/tr>\n\t\t<tr>\n\t\t\t<th>Djelaba fantaisie<\/th>\n\t\t\t<th>17,5<\/th>\n\t\t<\/tr>\n\t\t<tr>\n\t\t\t<th>\u00c9charpe en laine<\/th>\n\t\t\t<th>4<\/th>\n\t\t<\/tr>\n\t\t<tr>\n\t\t\t<th>\u00c9charpe en soie<\/th>\n\t\t\t<th>9<\/th>\n\t\t<\/tr>\n\t\t<tr>\n\t\t\t<th>\u00c9tole classique<\/th>\n\t\t\t<th>8<\/th>\n\t\t<\/tr>\n\t\t<tr>\n\t\t\t<th>\u00c9tole soie<\/th>\n\t\t\t<th>9<\/th>\n\t\t<\/tr>\n\t\t<tr>\n\t\t\t<th>Foulard classique et fantaisie<\/th>\n\t\t\t<th>7<\/th>\n\t\t<\/tr>\n\t\t<tr>\n\t\t\t<th>Foulard soie<\/th>\n\t\t\t<th>6,50<\/th>\n\t\t<\/tr>\n\t\t<tr>\n\t\t\t<th>Gilet classique<\/th>\n\t\t\t<th>5,50<\/th>\n\t\t<\/tr>\n\t\t<tr>\n\t\t\t<th>Gilet de costume<\/th>\n\t\t\t<th>6,65<\/th>\n\t\t<\/tr>\n\t\t<tr>\n\t\t\t<th>Imperm\u00e9able classique<\/th>\n\t\t\t<th>11,90<\/th>\n\t\t<\/tr>\n\t\t<tr>\n\t\t\t<th>Imperm\u00e9able fourr\u00e9 plume\n<\/th>\n\t\t\t<th>22<\/th>\n\t\t<\/tr>\n\t\t<tr>\n\t\t\t<th>Imperm\u00e9able ouatin\u00e9<\/th>\n\t\t\t<th>12<\/th>\n\t\t<\/tr>\n\t\t<tr>\n\t\t\t<th>Imperm\u00e9able plastifi\u00e9 <\/th>\n\t\t\t<th>12<\/th>\n\t\t<\/tr>\n\t\t<tr>\n\t\t\t<th>Jupe \u00e0 plis<\/th>\n\t\t\t<th>8,60<\/th>\n\t\t<\/tr>\n\t\t<tr>\n\t\t\t<th>Jupe droite<\/th>\n\t\t\t<th>6<\/th>\n\t\t<\/tr>\n\t\t<tr>\n\t\t\t<th>Jupe fantaisie<\/th>\n\t\t\t<th>8,60<\/th>\n\t\t<\/tr>\n\t\t<tr>\n\t\t\t<th>Jupe pliss\u00e9e soleil (pressing)<\/th>\n\t\t\t<th>12<\/th>\n\t\t<\/tr>\n\t\t<tr>\n\t\t\t<th>Jupon robe de mari\u00e9e<\/th>\n\t\t\t<th>12,60<\/th>\n\t\t<\/tr>\n\t\t<tr>\n\t\t\t<th>Kimono de judo<\/th>\n\t\t\t<th>5,70<\/th>\n\t\t<\/tr>\n\t\t<tr>\n\t\t\t<th>Maillot de corps<\/th>\n\t\t\t<th>1,90<\/th>\n\t\t<\/tr>\n\t\t<tr>\n\t\t\t<th>Manteau fourr\u00e9 en plume<\/th>\n\t\t\t<th>19,90<\/th>\n\t\t<\/tr>\n\t\t<tr>\n\t\t\t<th>Manteau classique<\/th>\n\t\t\t<th>12<\/th>\n\t\t<\/tr>\n\t\t<tr>\n\t\t\t<th>Manteau fantaisie<\/th>\n\t\t\t<th>15<\/th>\n\t\t<\/tr>\n\t\t<tr>\n\t\t\t<th>Manteau fourrure synth\u00e9tique<\/th>\n\t\t\t<th>30<\/th>\n\t\t<\/tr>\n\t\t<tr>\n\t\t\t<th>Manteau ouatin\u00e9<\/th>\n\t\t\t<th>14,90<\/th>\n\t\t<\/tr>\n\t\t<tr>\n        <th>Paire de chaussettes<\/th>\n        <th>1,90<\/th>\n    <\/tr>\n    <tr>\n        <th>Paire de gants en laine<\/th>\n        <th>4,90<\/th>\n    <\/tr>\n    <tr>\n        <th>Paire de gants de ski<\/th>\n        <th>5,70<\/th>\n    <\/tr>\n    <tr>\n        <th>Panta-court<\/th>\n        <th>5,70<\/th>\n    <\/tr>\n    <tr>\n        <th>Pantalon avec plis (costume)<\/th>\n        <th>7<\/th>\n    <\/tr>\n    <tr>\n        <th>Pantalon sans plis<\/th>\n        <th>6,50<\/th>\n    <\/tr>\n    <tr>\n        <th>Pantalon de ski<\/th>\n        <th>10,30<\/th>\n    <\/tr>\n    <tr>\n        <th>Pantalon de smoking<\/th>\n        <th>9,50<\/th>\n    <\/tr>\n    <tr>\n        <th>Pantalon de travail<\/th>\n        <th>4<\/th>\n    <\/tr>\n    <tr>\n        <th>Pantalon uniforme militaire<\/th>\n        <th>10<\/th>\n    <\/tr>\n    <tr>\n        <th>Parka classique<\/th>\n        <th>7,50<\/th>\n    <\/tr>\n    <tr>\n        <th>Parka fourr\u00e9 plume<\/th>\n        <th>12,90<\/th>\n    <\/tr>\n    <tr>\n        <th>Parka ouatin\u00e9e<\/th>\n        <th>10,90<\/th>\n    <\/tr>\n\t\t<tr>\n\t\t\t<th>Peignoir de bain<\/th>\n\t\t\t<th>4,40<\/th>\n\t\t<\/tr>\n\t\t<tr>\n\t\t\t<th>Polo classique<\/th>\n\t\t\t<th>4,30<\/th>\n\t\t<\/tr>\n\t\t<tr>\n\t\t\t<th>Polo fantaisie<\/th>\n\t\t\t<th>5,50<\/th>\n\t\t<\/tr>\n\t\t<tr>\n\t\t\t<th>Pull classique <\/th>\n\t\t\t<th>5,20<\/th>\n\t\t<\/tr>\n\t\t<tr>\n\t\t\t<th>Pull col roul\u00e9<\/th>\n\t\t\t<th>5,50<\/th>\n\t\t<\/tr>\n\t\t<tr>\n\t\t\t<th>Pull fantaisie<\/th>\n\t\t\t<th>6<\/th>\n\t\t<\/tr>\n\t\t<tr>\n\t\t\t<th>Pyjama<\/th>\n\t\t\t<th>5,90<\/th>\n\t\t<\/tr>\n\t\t<tr>\n\t\t\t<th>Robe d&rsquo;avocat<\/th>\n\t\t\t<th>18,90<\/th>\n\t\t<\/tr>\n\t\t<tr>\n\t\t\t<th>Robe \u00e0 plis<\/th>\n\t\t\t<th>9,80<\/th>\n\t\t<\/tr>\n\t\t<tr>\n\t\t\t<th>Robe de c\u00e9r\u00e9monie \/ de Luxe<\/th>\n\t\t\t<th>16,90 \/ 29,90<\/th>\n\t\t<\/tr>\n\t\t<tr>\n\t\t\t<th>Repassage Robe de c\u00e9r\u00e9monie<\/th>\n\t\t\t<th>11,95<\/th>\n\t\t<\/tr>\n\t\t<tr>\n\t\t\t<th>Robe de chambre<\/th>\n\t\t\t<th>8,90<\/th>\n\t\t<\/tr>\n\t\t<tr>\n\t\t\t<th>Robe de mariage classique <\/th>\n\t\t\t<th>75<\/th>\n\t\t<\/tr>\n\t\t<tr>\n\t\t\t<th>Repassage robe de mari\u00e9e<\/th>\n\t\t\t<th>49,90<\/th>\n\t\t<\/tr>\n\t\t<tr>\n\t\t\t<th>Robe de mariage fantaisie<\/th>\n\t\t\t<th>95<\/th>\n\t\t<\/tr>\n\t\t<tr>\n\t\t\t<th>Robe de mariage en soie<\/th>\n\t\t\t<th>95<\/th>\n\t\t<\/tr>\n\t\t<tr>\n\t\t\t<th>Robe droite classique<\/th>\n\t\t\t<th>8,50<\/th>\n\t\t<\/tr>\n\t\t<tr>\n\t\t\t<th>Robe en soie<\/th>\n\t\t\t<th>11<\/th>\n\t\t<\/tr>\n\t\t<tr>\n\t\t\t<th>Robe fantaisie<\/th>\n\t\t\t<th>9,80<\/th>\n\t\t<\/tr>\n\t\t<tr>\n\t\t\t<th>Robe pliss\u00e9e soleil\n<\/th>\n\t\t\t<th>21,90<\/th>\n\t\t<\/tr>\n\t\t<tr>\n\t\t\t<th>Salopette de ski<\/th>\n\t\t\t<th>10,90<\/th>\n\t\t<\/tr>\n\t\t<tr>\n\t\t\t<th>Salopette de travail<\/th>\n\t\t\t<th>5,25<\/th>\n\t\t<\/tr>\n\t\t<tr>\n\t\t\t<th>Short \/ Bermuda<\/th>\n\t\t\t<th>5,70<\/th>\n\t\t<\/tr>\n\t\t<tr>\n\t\t\t<th>Sous v\u00eatement (slip-soutien-gorge&#8230;) \n<\/th>\n\t\t\t<th>2<\/th>\n\t\t<\/tr>\n\t\t<tr>\n\t\t\t<th>Surv\u00eatement sport veste + pantalon<\/th>\n\t\t\t<th>6,90<\/th>\n\t\t<\/tr>\n\t\t<tr>\n\t\t\t<th>Tablier de cuisinier<\/th>\n\t\t\t<th>3,20<\/th>\n\t\t<\/tr>\n\t\t<tr>\n\t\t\t<th>Tunique<\/th>\n\t\t\t<th>2,50<\/th>\n\t\t<\/tr>\n\t\t<tr>\n\t\t\t<th>Tee-shirt<\/th>\n\t\t\t<th>4<\/th>\n\t\t<\/tr>\n\t\t<tr>\n\t\t\t<th>Tee-shirt fantaisie<\/th>\n\t\t\t<th>5<\/th>\n\t\t<\/tr>\n\t\t<tr>\n\t\t\t<th>Veste de cuisinier, bleu de travail<\/th>\n\t\t\t<th>3,80<\/th>\n\t\t<\/tr>\n\t\t\n\t\t\n\t\t<tr>\n\t\t\t<th>Veste fourrure synth\u00e9tique<\/th>\n\t\t\t<th>18<\/th>\n\t\t<\/tr>\n\t\t\n\t\t<tr>\n\t\t\t<th>R\u00e9imperm\u00e9abilisation<\/th>\n\t\t\t<th>5<\/th>\n\t\t<\/tr>\n\t<\/table>\n<\/section>\n\t\t\t\t<img loading=\"lazy\" decoding=\"async\" src=\"https:\/\/blanchisserie.boulonnaise.fr\/wp-content\/uploads\/2021\/05\/canape\u0301.jpg\" alt=\"canape\u0301\" itemprop=\"image\" height=\"1280\" width=\"1920\" title=\"canape\u0301\" onerror=\"this.style.display='none'\"  \/>\n\t<h2>Divers<\/h2>\n\t<section>\n\t<table border=\"1\">\n\t\t<tr>\n\t\t\t<th>Articles<\/th>\n\t\t\t<th>Tarifs en \u20ac<\/th>\n\t\t<\/tr>\n\t\t\n\t\t<tr>\n\t\t\t<th>Combinaison de ski<\/th>\n\t\t\t<th>18<\/th>\n\t\t<\/tr>\n\t\t<tr>\n\t\t\t<th>Couverture de cheval<\/th>\n\t\t\t<th>29<\/th>\n\t\t<\/tr>\n\t\t<tr>\n\t\t\t<th>Double rideau doubl\u00e9<\/th>\n\t\t\t<th>5,90\/m2<\/th>\n\t\t<\/tr>\n\t\t<tr>\n\t\t\t<th>Double rideau non doubl\u00e9<\/th>\n\t\t\t<th>4,60\/m2<\/th>\n\t\t<\/tr>\n\t\t<tr>\n\t\t\t<th>Drap de bain<\/th>\n\t\t\t<th>1,90<\/th>\n\t\t<\/tr>\n\t\t<tr>\n\t\t\t<th>Entourage canap\u00e9 (sans repassage)<\/th>\n\t\t\t<th>13,90<\/th>\n\t\t<\/tr>\n\t\t<tr>\n\t\t\t<th>Entourage canap\u00e9 (avec repassage)<\/th>\n\t\t\t<th>30<\/th>\n\t\t<\/tr>\n\t\t<tr>\n\t\t\t<th>Gant de toilette<\/th>\n\t\t\t<th>0,50<\/th>\n\t\t<\/tr>\n\t\t<tr>\n\t\t\t<th>Housse de canap\u00e9<\/th>\n\t\t\t<th>30<\/th>\n\t\t<\/tr>\n\t\t<tr>\n\t\t\t<th>Housse de chaise (lavage+repassage)\n<\/th>\n\t\t\t<th>9,90<\/th>\n\t\t<\/tr>\n\t\t<tr>\n\t\t\t<th>Housse de clic-clac<\/th>\n\t\t\t<th>30<\/th>\n\t\t<\/tr>\n\t\t<tr>\n\t\t\t<th>Housse de fauteuil<\/th>\n\t\t\t<th>15,90<\/th>\n\t\t<\/tr>\n\t\t<tr>\n\t\t\t<th>Mouchoir<\/th>\n\t\t\t<th>0,50<\/th>\n\t\t<\/tr>\n\t\t<tr>\n\t\t\t<th>Nappe simple<\/th>\n\t\t\t<th>3,40\/m<\/th>\n\t\t<\/tr>\n\t\t<tr>\n\t\t\t<th>Nappe brod\u00e9e<\/th>\n\t\t\t<th>3,90\/m<\/th>\n\t\t<\/tr>\n\t\t\n\t\t<tr>\n\t\t\t<th>Serviette de toilette<\/th>\n\t\t\t<th>1,20<\/th>\n\t\t<\/tr>\n\t\t<tr>\n\t\t\t<th>Serviette de table<\/th>\n\t\t\t<th>1,40<\/th>\n\t\t<\/tr>\n\t\t<tr>\n\t\t\t<th>Serviette de table brod\u00e9e<\/th>\n\t\t\t<th>1,50<\/th>\n\t\t<\/tr>\n\t\t<tr>\n\t\t\t<th>Tapis de bain<\/th>\n\t\t\t<th>2,80<\/th>\n\t\t<\/tr>\n\t\t<tr>\n\t\t\t<th>Torchon de cuisine<\/th>\n\t\t\t<th>1,20<\/th>\n\t\t<\/tr>\n\t\t<tr>\n\t\t\t<th>Voilage au M2<\/th>\n\t\t\t<th>3<\/th>\n\t\t<\/tr>\n\t\t<tr>\n\t\t\t<th>Voilage ou tra\u00eene de mari\u00e9e<\/th>\n\t\t\t<th>12,60<\/th>\n\t\t<\/tr>\n\t<\/table>\n<\/section>\n\n","protected":false},"excerpt":{"rendered":"<p>Services et tarifs Nos tarifs pour particuliers Services de blanchisserie, repassage, location de linge et laverie \u00e0 Boulogne sur mer. Tarifs professionnels sur demande au 06 81 46 43 04 ou par mail \u00e0 : blanchisserie.boulonnaise@gmail.com Linge de lit Articles Tarifs en \u20ac Al\u00e8se 1 ou 2 personnes 5,50 Al\u00e8se plastifi\u00e9e 1 ou 2 personnes [&hellip;]<\/p>\n","protected":false},"author":1,"featured_media":0,"parent":0,"menu_order":0,"comment_status":"closed","ping_status":"closed","template":"","meta":{"_acf_changed":false,"site-sidebar-layout":"no-sidebar","site-content-layout":"page-builder","ast-site-content-layout":"full-width-container","site-content-style":"unboxed","site-sidebar-style":"unboxed","ast-global-header-display":"","ast-banner-title-visibility":"","ast-main-header-display":"","ast-hfb-above-header-display":"","ast-hfb-below-header-display":"","ast-hfb-mobile-header-display":"","site-post-title":"disabled","ast-breadcrumbs-content":"","ast-featured-img":"disabled","footer-sml-layout":"","ast-disable-related-posts":"","theme-transparent-header-meta":"enabled","adv-header-id-meta":"","stick-header-meta":"","header-above-stick-meta":"","header-main-stick-meta":"","header-below-stick-meta":"","astra-migrate-meta-layouts":"set","ast-page-background-enabled":"default","ast-page-background-meta":{"desktop":{"background-color":"var(--ast-global-color-4)","background-image":"","background-repeat":"repeat","background-position":"center center","background-size":"auto","background-attachment":"scroll","background-type":"","background-media":"","overlay-type":"","overlay-color":"","overlay-opacity":"","overlay-gradient":""},"tablet":{"background-color":"","background-image":"","background-repeat":"repeat","background-position":"center center","background-size":"auto","background-attachment":"scroll","background-type":"","background-media":"","overlay-type":"","overlay-color":"","overlay-opacity":"","overlay-gradient":""},"mobile":{"background-color":"","background-image":"","background-repeat":"repeat","background-position":"center center","background-size":"auto","background-attachment":"scroll","background-type":"","background-media":"","overlay-type":"","overlay-color":"","overlay-opacity":"","overlay-gradient":""}},"ast-content-background-meta":{"desktop":{"background-color":"var(--ast-global-color-5)","background-image":"","background-repeat":"repeat","background-position":"center center","background-size":"auto","background-attachment":"scroll","background-type":"","background-media":"","overlay-type":"","overlay-color":"","overlay-opacity":"","overlay-gradient":""},"tablet":{"background-color":"var(--ast-global-color-5)","background-image":"","background-repeat":"repeat","background-position":"center center","background-size":"auto","background-attachment":"scroll","background-type":"","background-media":"","overlay-type":"","overlay-color":"","overlay-opacity":"","overlay-gradient":""},"mobile":{"background-color":"var(--ast-global-color-5)","background-image":"","background-repeat":"repeat","background-position":"center center","background-size":"auto","background-attachment":"scroll","background-type":"","background-media":"","overlay-type":"","overlay-color":"","overlay-opacity":"","overlay-gradient":""}},"footnotes":""},"class_list":["post-33","page","type-page","status-publish","hentry"],"acf":[],"_links":{"self":[{"href":"https:\/\/blanchisserie.boulonnaise.fr\/index.php\/wp-json\/wp\/v2\/pages\/33","targetHints":{"allow":["GET"]}}],"collection":[{"href":"https:\/\/blanchisserie.boulonnaise.fr\/index.php\/wp-json\/wp\/v2\/pages"}],"about":[{"href":"https:\/\/blanchisserie.boulonnaise.fr\/index.php\/wp-json\/wp\/v2\/types\/page"}],"author":[{"embeddable":true,"href":"https:\/\/blanchisserie.boulonnaise.fr\/index.php\/wp-json\/wp\/v2\/users\/1"}],"replies":[{"embeddable":true,"href":"https:\/\/blanchisserie.boulonnaise.fr\/index.php\/wp-json\/wp\/v2\/comments?post=33"}],"version-history":[{"count":21,"href":"https:\/\/blanchisserie.boulonnaise.fr\/index.php\/wp-json\/wp\/v2\/pages\/33\/revisions"}],"predecessor-version":[{"id":2430,"href":"https:\/\/blanchisserie.boulonnaise.fr\/index.php\/wp-json\/wp\/v2\/pages\/33\/revisions\/2430"}],"wp:attachment":[{"href":"https:\/\/blanchisserie.boulonnaise.fr\/index.php\/wp-json\/wp\/v2\/media?parent=33"}],"curies":[{"name":"wp","href":"https:\/\/api.w.org\/{rel}","templated":true}]}}